{"id":22,"date":"2021-11-19T08:29:26","date_gmt":"2021-11-19T07:29:26","guid":{"rendered":"http:\/\/p603680.mittwaldserver.info\/wordpress\/?page_id=22"},"modified":"2024-01-04T16:12:18","modified_gmt":"2024-01-04T15:12:18","slug":"start","status":"publish","type":"page","link":"https:\/\/karriere.softexpress.de\/","title":{"rendered":"Start"},"content":{"rendered":"<div class=\"wpb-content-wrapper\">[vc_row css_animation=&#8220;&#8220; row_type=&#8220;row&#8220; use_row_as_full_screen_section=&#8220;no&#8220; type=&#8220;full_width&#8220; angled_section=&#8220;no&#8220; text_align=&#8220;left&#8220; background_image_as_pattern=&#8220;without_pattern&#8220; el_class=&#8220;custom-content custom-content-01&#8243; z_index=&#8220;&#8220;][vc_column]<div style=\"visibility: hidden;\" id=\"carousel-anything-1\" class=\"gambit-carousel-anything carousel-anything-container owl-ca-carousel  ca-equal-height\" data-slide-anim=\"\" data-rtl=\"false\" data-items=\"1\"data-totalitems=\"0\" data-scroll_per_page=\"\" data-autoplay=\"12000\"data-items-tablet=\"1\" data-items-mobile=\"1\" data-stop-on-hover=\"\" data-speed-scroll=\"800\" data-speed-rewind=\"1000\"data-thumbnails=\"thumbnail\" data-navigation=\"true\" data-touchdrag=\"false\" data-keyboard=\"false\" data-alignment=\"50\"data-start=\"0\">[vc_row_inner row_type=&#8220;row&#8220; type=&#8220;grid&#8220; text_align=&#8220;left&#8220; css_animation=&#8220;&#8220; css=&#8220;.vc_custom_1637310113906{background-image: url(https:\/\/karriere.softexpress.de\/wp-content\/uploads\/2021\/11\/backgr-head-01-1.jpg?id=48) !important;background-position: center !important;background-repeat: no-repeat !important;background-size: cover !important;}&#8220; el_class=&#8220;slider-inner&#8220;][vc_column_inner width=&#8220;1\/2&#8243;][vc_raw_html el_class=&#8220;is-mobile&#8220;]JTNDaW1nJTIwc3JjJTNEJTIyaHR0cHMlM0ElMkYlMkZrYXJyaWVyZS5zb2Z0ZXhwcmVzcy5kZSUyRndwLWNvbnRlbnQlMkZ1cGxvYWRzJTJGMjAyMSUyRjEyJTJGaGVhZC1zbGlkZXItaW1nLW1vYmlsZS0wMS5qcGclMjIlMjAlMkYlM0U=[\/vc_raw_html][vc_single_image image=&#8220;1177&#8243; img_size=&#8220;200&#215;200&#8243; qode_css_animation=&#8220;&#8220; css=&#8220;.vc_custom_1704381120760{margin-bottom: 50px !important;margin-left: -30px !important;}&#8220;][vc_column_text el_class=&#8220;headline-big&#8220;]\n<h1><\/h1>\n<h1>Deine Zukunft startet <em>hier<\/em><\/h1>\n<p>Starte deine Ausbildung in einem der f\u00fchrenden Unternehmen f\u00fcr IT-Produkte und eBusiness L\u00f6sungen in Deutschland.<\/p>\n<p><a class=\"btn\" href=\"https:\/\/karriere.softexpress.de\/jobs\/\">Loslegen<\/a> <a class=\"btn\" style=\"background-color: #ff8700!important;\" href=\"#video\">Unser Kino-Trailer<\/a>[\/vc_column_text][\/vc_column_inner][vc_column_inner width=&#8220;1\/2&#8243;][\/vc_column_inner][\/vc_row_inner][vc_row_inner row_type=&#8220;row&#8220; type=&#8220;grid&#8220; text_align=&#8220;left&#8220; css_animation=&#8220;&#8220; css=&#8220;.vc_custom_1639057008201{background-image: url(https:\/\/karriere.softexpress.de\/wp-content\/uploads\/2021\/12\/start-slider-img-02.jpg?id=455) !important;background-position: center !important;background-repeat: no-repeat !important;background-size: cover !important;}&#8220; el_class=&#8220;slider-inner&#8220;][vc_column_inner width=&#8220;1\/2&#8243;][vc_raw_html el_class=&#8220;is-mobile&#8220;]JTNDaW1nJTIwc3JjJTNEJTIyaHR0cHMlM0ElMkYlMkZrYXJyaWVyZS5zb2Z0ZXhwcmVzcy5kZSUyRndwLWNvbnRlbnQlMkZ1cGxvYWRzJTJGMjAyMSUyRjEyJTJGc3RhcnQtc2xpZGVyLWltZy13ZWItMDIuanBnJTIyJTIwJTJGJTNF[\/vc_raw_html][vc_single_image image=&#8220;1177&#8243; img_size=&#8220;200&#215;200&#8243; qode_css_animation=&#8220;&#8220; css=&#8220;.vc_custom_1704381120760{margin-bottom: 50px !important;margin-left: -30px !important;}&#8220;][vc_column_text el_class=&#8220;headline-big act-headline&#8220;]<strong>Deine Karriere startet <em>hier<\/em><\/strong><\/p>\n<p>Mache Karriere in einem der f\u00fchrenden Unternehmen f\u00fcr IT-Produkte und eBusiness L\u00f6sungen in Deutschland.<\/p>\n<p><a class=\"btn\" href=\"https:\/\/karriere.softexpress.de\/jobs\/\">Loslegen<\/a> <a class=\"btn\" style=\"background-color: #ff8700!important;\" href=\"#video\">Unser Kino-Trailer<\/a>[\/vc_column_text][\/vc_column_inner][vc_column_inner width=&#8220;1\/2&#8243;][\/vc_column_inner][\/vc_row_inner]<\/div>[vc_raw_html el_class=&#8220;video-link&#8220;]JTNDYSUyMHRhcmdldCUzRCUyMl9ibGFuayUyMiUyMGhyZWYlM0QlMjJodHRwcyUzQSUyRiUyRnd3dy55b3V0dWJlLmNvbSUyRndhdGNoJTNGdiUzRE5DWTJUZ1VzNlhjJTIyJTNFJTNDaW1nJTIwc3JjJTNEJTIyaHR0cHMlM0ElMkYlMkZrYXJyaWVyZS5zb2Z0ZXhwcmVzcy5kZSUyRndwLWNvbnRlbnQlMkZ0aGVtZXMlMkZuZXctbWVkaWEtbGFicyUyRmltZyUyRnZpZGVvLWxpbmsuanBnJTIyJTIwYWx0JTNEJTIyRXJmYWhyZSUyMG1laHIlMjAlQzMlQkNiZXIlMjB1bnNlcmUlMjBTdGVsbGVuYW5nZWJvdGUlMjB1bmQlMjBTb2Z0RXhwcmVzcyUyMGluJTIwdW5zZXJlbSUyMFZvcnN0ZWxsdW5nc2NsaXAlMjAtJTIwSmV0enQlMjBhbnNjaGF1ZW4lMjElMjIlMjB0aXRsZSUzRCUyMkVyZmFocmUlMjBtZWhyJTIwJUMzJUJDYmVyJTIwdW5zZXJlJTIwU3RlbGxlbmFuZ2Vib3RlJTIwdW5kJTIwU29mdEV4cHJlc3MlMjBpbiUyMHVuc2VyZW0lMjBWb3JzdGVsbHVuZ3NjbGlwJTIwLSUyMEpldHp0JTIwYW5zY2hhdWVuJTIxJTIyJTIwJTJGJTNFJTNDJTJGYSUzRQ==[\/vc_raw_html][\/vc_column][vc_column][\/vc_column][\/vc_row][vc_row css_animation=&#8220;&#8220; row_type=&#8220;row&#8220; use_row_as_full_screen_section=&#8220;no&#8220; type=&#8220;grid&#8220; angled_section=&#8220;no&#8220; text_align=&#8220;left&#8220; background_image_as_pattern=&#8220;without_pattern&#8220; padding_top=&#8220;90&#8243; padding_bottom=&#8220;120&#8243; el_class=&#8220;custom-content custom-content-02 fixedBackgr&#8220; z_index=&#8220;&#8220; css=&#8220;.vc_custom_1637308248401{background-image: url(https:\/\/karriere.softexpress.de\/wp-content\/uploads\/2021\/11\/backgr-patternd-1.jpg?id=52) !important;}&#8220;][vc_column][vc_column_text el_class=&#8220;lightContent headline-big&#8220;]\n<h2>Job<br \/>\n<em>finden<\/em><\/h2>\n<p>Egal, ob du auf der Suche nach einer Ausbildung bist, deine Ausbildung gerade absolviert hast und ins Berufsleben starten m\u00f6chtest, mit deiner Berufserfahrung unser Team verst\u00e4rken m\u00f6chtest oder Quereinsteiger bist\u2013 wir freuen uns auf deine Bewerbung!<br \/>\nDu findest nicht die passende Stelle f\u00fcr dich? Dann sende uns gerne eine Initiativbewerbung.[\/vc_column_text][\/vc_column][\/vc_row][vc_row css_animation=&#8220;&#8220; row_type=&#8220;row&#8220; use_row_as_full_screen_section=&#8220;no&#8220; type=&#8220;grid&#8220; angled_section=&#8220;no&#8220; text_align=&#8220;left&#8220; background_image_as_pattern=&#8220;without_pattern&#8220; padding_bottom=&#8220;90&#8243; el_class=&#8220;custom-content custom-content-03&#8243; z_index=&#8220;&#8220;][vc_column][vc_tta_tabs style=&#8220;flat&#8220; shape=&#8220;square&#8220; color=&#8220;white&#8220; spacing=&#8220;5&#8243; alignment=&#8220;center&#8220; active_section=&#8220;1&#8243;][vc_tta_section title=&#8220;Alle anzeigen&#8220; tab_id=&#8220;alle-anzeigen&#8220;][vc_basic_grid post_type=&#8220;post&#8220; max_items=&#8220;-1&#8243; element_width=&#8220;12&#8243; gap=&#8220;0&#8243; initial_loading_animation=&#8220;none&#8220; grid_id=&#8220;vc_gid:1704380588748-1f7c52b0-f41b-0&#8243; el_class=&#8220;is-joblist&#8220;][\/vc_tta_section][vc_tta_section title=&#8220;Festeinstellungen&#8220; tab_id=&#8220;festeinstellungen&#8220;][vc_basic_grid post_type=&#8220;post&#8220; max_items=&#8220;-1&#8243; element_width=&#8220;12&#8243; gap=&#8220;0&#8243; initial_loading_animation=&#8220;none&#8220; grid_id=&#8220;vc_gid:1704380588749-03ebedf3-bbb2-2&#8243; taxonomies=&#8220;3&#8243; el_class=&#8220;is-joblist&#8220;][\/vc_tta_section][vc_tta_section title=&#8220;Ausbildung&#8220; tab_id=&#8220;ausbildung&#8220;][vc_basic_grid post_type=&#8220;post&#8220; max_items=&#8220;-1&#8243; element_width=&#8220;12&#8243; gap=&#8220;0&#8243; initial_loading_animation=&#8220;none&#8220; grid_id=&#8220;vc_gid:1704380588749-407f2cea-892b-4&#8243; taxonomies=&#8220;2&#8243; el_class=&#8220;is-joblist&#8220;][\/vc_tta_section][\/vc_tta_tabs][vc_row_inner row_type=&#8220;row&#8220; type=&#8220;full_width&#8220; text_align=&#8220;left&#8220; css_animation=&#8220;&#8220;][vc_column_inner width=&#8220;1\/4&#8243; css=&#8220;.vc_custom_1704364757044{margin-top: 30px !important;}&#8220;][vc_single_image image=&#8220;1170&#8243; img_size=&#8220;170&#215;246&#8243; qode_css_animation=&#8220;&#8220;][\/vc_column_inner][vc_column_inner width=&#8220;3\/4&#8243; css=&#8220;.vc_custom_1704366126124{margin-top: 40px !important;}&#8220;][vc_column_text]\n<h3>SoftExpress ist \u201eArbeitgeber der Zukunft\u201c<\/h3>\n<p><span style=\"font-weight: 400;\">Das <em>Deutsche Innovationsinstitut f\u00fcr Nachhaltigkeit und Digitalisierung<\/em> zeichnete uns k\u00fcrzlich mit dem Siegel \u201eArbeitgeber der Zukunft\u201c als innovatives Unternehmen aus, das durch verschiedene Qualit\u00e4ten und eine klare Digitalisierungsstrategie \u00fcberzeugt. Zu den Pr\u00fcfkriterien geh\u00f6ren unter anderem eine <\/span>moderne F\u00fchrung, <span style=\"font-weight: 400;\">Innovationskraft, ein g<\/span><span style=\"font-weight: 400;\">uter Stand bei der digitalen Transformation, <\/span><span style=\"font-weight: 400;\">hohe Mitarbeiterfreundlichkeit und s<\/span><span style=\"font-weight: 400;\">tarke Strategien f\u00fcrs Recruiting.<\/span>[\/vc_column_text][\/vc_column_inner][\/vc_row_inner][\/vc_column][\/vc_row][vc_row css_animation=&#8220;&#8220; row_type=&#8220;row&#8220; use_row_as_full_screen_section=&#8220;no&#8220; type=&#8220;grid&#8220; angled_section=&#8220;no&#8220; text_align=&#8220;left&#8220; background_image_as_pattern=&#8220;without_pattern&#8220; padding_top=&#8220;90&#8243; padding_bottom=&#8220;90&#8243; el_class=&#8220;custom-content custom-content-04 vert-center&#8220; z_index=&#8220;&#8220; css=&#8220;.vc_custom_1637308671533{background-color: #f3f7fb !important;}&#8220;][vc_column width=&#8220;1\/2&#8243;][vc_column_text]\n<h3>Wir sind SoftExpress<\/h3>\n<p>Seit 1991 sind wir Spezialist in den Bereichen Hardware, Software und Supplies. Optimales Aufgabenmanagement macht es m\u00f6glich, unseren Kunden stets das beste Produkt zum besten Preis zum richtigen Zeitpunkt anbieten zu k\u00f6nnen &#8211; unkompliziert und ohne Umwege.<\/p>\n<p><a class=\"btn\" href=\"https:\/\/karriere.softexpress.de\/ueber-uns\/\">Mehr erfahren<\/a>[\/vc_column_text][\/vc_column][vc_column width=&#8220;1\/2&#8243;][vc_single_image image=&#8220;56&#8243; img_size=&#8220;full&#8220; qode_css_animation=&#8220;element_from_bottom&#8220; el_class=&#8220;content-img content-img-01&#8243;][\/vc_column][\/vc_row][vc_row css_animation=&#8220;&#8220; row_type=&#8220;row&#8220; use_row_as_full_screen_section=&#8220;no&#8220; type=&#8220;grid&#8220; angled_section=&#8220;no&#8220; text_align=&#8220;left&#8220; background_image_as_pattern=&#8220;without_pattern&#8220; padding_bottom=&#8220;90&#8243; el_class=&#8220;custom-content custom-content-05 vert-center&#8220; z_index=&#8220;&#8220; css=&#8220;.vc_custom_1637308692515{background-color: #f3f7fb !important;}&#8220;][vc_column width=&#8220;1\/2&#8243;][vc_single_image image=&#8220;57&#8243; img_size=&#8220;full&#8220; qode_css_animation=&#8220;element_from_bottom&#8220; el_class=&#8220;content-img content-img-02&#8243;][\/vc_column][vc_column width=&#8220;1\/2&#8243;][vc_column_text]\n<h4>Gr\u00fcnde f\u00fcr uns<\/h4>\n<p>Bei uns erwarten dich eine flache Hierarchie, aktive Mitgestaltung sowie ein ausgepr\u00e4gter Teamgeist und Spa\u00df. Kaffee, Tee, Wasser und frisches Obst geh\u00f6ren zur kostenlosen Versorgung unserer Mitarbeiter, dar\u00fcber hinaus bieten wir mit unserem firmeneigenen Fitnessraum ein vielf\u00e4ltiges und umfassendes Sport- und Gesundheitsmanagement und auf Wunsch bieten wir dir ein Jobrad oder Verm\u00f6genswirksame Leistungen an. Au\u00dferdem kn\u00fcpfst du Kontakte zu den globalen Playern der IT.<\/p>\n<p><a class=\"btn\" href=\"https:\/\/karriere.softexpress.de\/ueber-uns\/#gruende\">Mehr erfahren<\/a>[\/vc_column_text][\/vc_column][\/vc_row][vc_row css_animation=&#8220;&#8220; row_type=&#8220;row&#8220; use_row_as_full_screen_section=&#8220;no&#8220; type=&#8220;grid&#8220; angled_section=&#8220;no&#8220; text_align=&#8220;left&#8220; background_image_as_pattern=&#8220;without_pattern&#8220; background_color=&#8220;#ffffff&#8220; padding_top=&#8220;130&#8243; padding_bottom=&#8220;90&#8243; z_index=&#8220;&#8220; css=&#8220;.vc_custom_1654179282634{background-color: #ffffff !important;}&#8220; el_id=&#8220;video&#8220;][vc_column][vc_column_text css=&#8220;.vc_custom_1654156520183{margin-bottom: 50px !important;}&#8220;]\n<h4>Film ab &#8211; f\u00fcr deine Karriere!<\/h4>\n[\/vc_column_text][vc_video link=&#8220;https:\/\/www.youtube.com\/watch?v=BQdfa0drK-w&#8220; align=&#8220;center&#8220;][\/vc_column][\/vc_row][vc_row css_animation=&#8220;&#8220; row_type=&#8220;row&#8220; use_row_as_full_screen_section=&#8220;no&#8220; type=&#8220;grid&#8220; angled_section=&#8220;no&#8220; text_align=&#8220;left&#8220; background_image_as_pattern=&#8220;without_pattern&#8220; padding_top=&#8220;150&#8243; padding_bottom=&#8220;150&#8243; el_class=&#8220;custom-content custom-content-06 fixedBackgr&#8220; z_index=&#8220;&#8220; css=&#8220;.vc_custom_1637310322805{background-image: url(https:\/\/karriere.softexpress.de\/wp-content\/uploads\/2021\/11\/backgr-patternd-1.jpg?id=52) !important;}&#8220;][vc_column width=&#8220;1\/3&#8243;]<div class=\"q_counter_holder  center\" style=\"\"><span class=\"counter  zero\" style=\"color: #ffffff;font-size: 88px;font-weight: 600;\">50<\/span><p class=\"counter_text\" style=\"font-size: 24px;font-weight: 500;text-transform: none;color: #0988bf;\">zufriedene Mitarbeiter<\/p><\/div>[\/vc_column][vc_column width=&#8220;1\/3&#8243;]<div class=\"q_counter_holder  center\" style=\"\"><span class=\"counter  zero\" style=\"color: #ffffff;font-size: 88px;font-weight: 600;\">30<\/span><p class=\"counter_text\" style=\"font-size: 24px;font-weight: 500;text-transform: none;color: #0988bf;\">Jahre am Markt<\/p><\/div>[\/vc_column][vc_column width=&#8220;1\/3&#8243;]<div class=\"q_counter_holder  center\" style=\"\"><span class=\"counter  zero\" style=\"color: #ffffff;font-size: 88px;font-weight: 600;\">0<\/span><p class=\"counter_text\" style=\"font-size: 24px;font-weight: 500;text-transform: none;color: #0988bf;\">Ausreden<\/p><\/div>[\/vc_column][\/vc_row]\n<\/div>","protected":false},"excerpt":{"rendered":"<p>[vc_row css_animation=&#8220;&#8220; row_type=&#8220;row&#8220; use_row_as_full_screen_section=&#8220;no&#8220; type=&#8220;full_width&#8220; angled_section=&#8220;no&#8220; text_align=&#8220;left&#8220; background_image_as_pattern=&#8220;without_pattern&#8220; el_class=&#8220;custom-content custom-content-01&#8243; z_index=&#8220;&#8220;][vc_column][vc_raw_html el_class=&#8220;video-link&#8220;]JTNDYSUyMHRhcmdldCUzRCUyMl9ibGFuayUyMiUyMGhyZWYlM0QlMjJodHRwcyUzQSUyRiUyRnd3dy55b3V0dWJlLmNvbSUyRndhdGNoJTNGdiUzRE5DWTJUZ1VzNlhjJTIyJTNFJTNDaW1nJTIwc3JjJTNEJTIyaHR0cHMlM0ElMkYlMkZrYXJyaWVyZS5zb2Z0ZXhwcmVzcy5kZSUyRndwLWNvbnRlbnQlMkZ0aGVtZXMlMkZuZXctbWVkaWEtbGFicyUyRmltZyUyRnZpZGVvLWxpbmsuanBnJTIyJTIwYWx0JTNEJTIyRXJmYWhyZSUyMG1laHIlMjAlQzMlQkNiZXIlMjB1bnNlcmUlMjBTdGVsbGVuYW5nZWJvdGUlMjB1bmQlMjBTb2Z0RXhwcmVzcyUyMGluJTIwdW5zZXJlbSUyMFZvcnN0ZWxsdW5nc2NsaXAlMjAtJTIwSmV0enQlMjBhbnNjaGF1ZW4lMjElMjIlMjB0aXRsZSUzRCUyMkVyZmFocmUlMjBtZWhyJTIwJUMzJUJDYmVyJTIwdW5zZXJlJTIwU3RlbGxlbmFuZ2Vib3RlJTIwdW5kJTIwU29mdEV4cHJlc3MlMjBpbiUyMHVuc2VyZW0lMjBWb3JzdGVsbHVuZ3NjbGlwJTIwLSUyMEpldHp0JTIwYW5zY2hhdWVuJTIxJTIyJTIwJTJGJTNFJTNDJTJGYSUzRQ==[\/vc_raw_html][\/vc_column][vc_column][\/vc_column][\/vc_row][vc_row css_animation=&#8220;&#8220; row_type=&#8220;row&#8220; use_row_as_full_screen_section=&#8220;no&#8220; type=&#8220;grid&#8220; angled_section=&#8220;no&#8220; text_align=&#8220;left&#8220; background_image_as_pattern=&#8220;without_pattern&#8220; padding_top=&#8220;90&#8243; padding_bottom=&#8220;120&#8243; el_class=&#8220;custom-content custom-content-02 fixedBackgr&#8220; z_index=&#8220;&#8220; css=&#8220;.vc_custom_1637308248401{background-image: url(https:\/\/karriere.softexpress.de\/wp-content\/uploads\/2021\/11\/backgr-patternd-1.jpg?id=52) !important;}&#8220;][vc_column][vc_column_text el_class=&#8220;lightContent headline-big&#8220;] Job finden Egal, ob du auf der Suche nach einer Ausbildung bist, deine Ausbildung gerade&#8230;<\/p>\n","protected":false},"author":1,"featured_media":0,"parent":0,"menu_order":1,"comment_status":"closed","ping_status":"closed","template":"full_width.php","meta":{"footnotes":""},"categories":[],"tags":[],"class_list":["post-22","page","type-page","status-publish","hentry"],"_links":{"self":[{"href":"https:\/\/karriere.softexpress.de\/wp-json\/wp\/v2\/pages\/22","targetHints":{"allow":["GET"]}}],"collection":[{"href":"https:\/\/karriere.softexpress.de\/wp-json\/wp\/v2\/pages"}],"about":[{"href":"https:\/\/karriere.softexpress.de\/wp-json\/wp\/v2\/types\/page"}],"author":[{"embeddable":true,"href":"https:\/\/karriere.softexpress.de\/wp-json\/wp\/v2\/users\/1"}],"replies":[{"embeddable":true,"href":"https:\/\/karriere.softexpress.de\/wp-json\/wp\/v2\/comments?post=22"}],"version-history":[{"count":0,"href":"https:\/\/karriere.softexpress.de\/wp-json\/wp\/v2\/pages\/22\/revisions"}],"wp:attachment":[{"href":"https:\/\/karriere.softexpress.de\/wp-json\/wp\/v2\/media?parent=22"}],"wp:term":[{"taxonomy":"category","embeddable":true,"href":"https:\/\/karriere.softexpress.de\/wp-json\/wp\/v2\/categories?post=22"},{"taxonomy":"post_tag","embeddable":true,"href":"https:\/\/karriere.softexpress.de\/wp-json\/wp\/v2\/tags?post=22"}],"curies":[{"name":"wp","href":"https:\/\/api.w.org\/{rel}","templated":true}]}}